{"id":2430,"date":"2024-08-20T08:22:22","date_gmt":"2024-08-20T06:22:22","guid":{"rendered":"https:\/\/vollaquintus.ch\/?page_id=2430"},"modified":"2025-05-22T14:31:28","modified_gmt":"2025-05-22T12:31:28","slug":"google-frei","status":"publish","type":"page","link":"https:\/\/vollaquintus.ch\/index.php\/google-frei\/","title":{"rendered":"google frei!"},"content":{"rendered":"<h3><span style=\"font-family: helvetica, arial, sans-serif;\">&#171;Wir wissen, wo Du bist. Wir wissen, wo Du warst. Wir wissen mehr oder weniger, wor\u00fcber Du nachdenkst&#187;<\/span><\/h3>\n<p><span style=\"font-family: helvetica, arial, sans-serif;\">(Eric Schmidt \/ Google-Gr\u00fcnder \/ CEO &amp; Verwaltungsrat)<\/span><\/p>\n<p><span style=\"font-family: helvetica, arial, sans-serif;\">Wir denken: Dieser Ausspruch des Google-Gr\u00fcnders l\u00e4sst sehr, sehr tief blicken! Nein, Du musst auf Deine Apps nicht verzichten, siehe unsere Hauptseite <a href=\"https:\/\/vollaphone.ch\/\" target=\"_blank\" rel=\"noopener\">https:\/\/vollaphone.ch<\/a> Stichwort AURORA-Store, &#8230; aber absoluter Datenschutz, eine gesch\u00fctzte Privatsph\u00e4re, 4-j\u00e4hrige Technologieerfahrung mit tollen Modellen, neuen Entwicklungen und konsequent<\/span><\/p>\n<figure id=\"attachment_2431\" aria-describedby=\"caption-attachment-2431\" style=\"width: 582px\" class=\"wp-caption aligncenter\"><img fetchpriority=\"high\" decoding=\"async\" class=\"size-full wp-image-2431\" src=\"https:\/\/vollaquintus.ch\/wp-content\/uploads\/2024\/08\/google_frei.png\" alt=\"google frei\" width=\"582\" height=\"138\" srcset=\"https:\/\/vollaquintus.ch\/wp-content\/uploads\/2024\/08\/google_frei.png 582w, https:\/\/vollaquintus.ch\/wp-content\/uploads\/2024\/08\/google_frei-300x71.png 300w\" sizes=\"(max-width: 582px) 100vw, 582px\" \/><figcaption id=\"caption-attachment-2431\" class=\"wp-caption-text\">google frei<\/figcaption><\/figure>\n<p><span style=\"font-family: helvetica, arial, sans-serif;\">findest Du mit diesem Plus an Komfort, nur bei dem VOLLA PHONE!<br \/>\n<\/span><\/p>\n<p><span style=\"font-family: helvetica, arial, sans-serif;\">Abonniere unseren newsletter (siehe unten) um \u00fcber die neuesten Entwicklungen zu erfahren!<\/span><\/p>\n<p><span style=\"font-size: 8pt;\">Bilderrechte: <a href=\"https:\/\/www.pickpik.com\" target=\"_blank\" rel=\"noopener\">https:\/\/www.pickpik.com<\/a> + <a href=\"https:\/\/www.edv-lehmann.ch\" target=\"_blank\" rel=\"noopener\">https:\/\/www.edv-lehmann.ch<\/a><\/span><\/p>\n","protected":false},"excerpt":{"rendered":"<p>&#171;Wir wissen, wo Du bist. Wir wissen, wo Du warst. Wir wissen mehr oder weniger, wor\u00fcber Du nachdenkst&#187; (Eric Schmidt<\/p>\n<p><a href=\"https:\/\/vollaquintus.ch\/index.php\/google-frei\/\" class=\"more-link\">Continue reading<span class=\"screen-reader-text\">google frei!<\/span><\/a><\/p>\n","protected":false},"author":1,"featured_media":0,"parent":0,"menu_order":0,"comment_status":"closed","ping_status":"closed","template":"","meta":{"advgb_blocks_editor_width":"","advgb_blocks_columns_visual_guide":"","jetpack_post_was_ever_published":false,"footnotes":""},"class_list":["post-2430","page","type-page","status-publish","hentry"],"coauthors":[],"author_meta":{"author_link":"https:\/\/vollaquintus.ch\/index.php\/author\/edvladmin\/","display_name":"edvladmin"},"relative_dates":{"created":"Posted 2\u00a0Jahren ago","modified":"Updated 11\u00a0Monaten ago"},"absolute_dates":{"created":"Posted on 20. August 2024","modified":"Updated on 22. Mai 2025"},"absolute_dates_time":{"created":"Posted on 20. August 2024 8:22","modified":"Updated on 22. Mai 2025 14:31"},"featured_img_caption":"","featured_img":false,"series_order":"","jetpack-related-posts":[],"jetpack_sharing_enabled":true,"_links":{"self":[{"href":"https:\/\/vollaquintus.ch\/index.php\/wp-json\/wp\/v2\/pages\/2430","targetHints":{"allow":["GET"]}}],"collection":[{"href":"https:\/\/vollaquintus.ch\/index.php\/wp-json\/wp\/v2\/pages"}],"about":[{"href":"https:\/\/vollaquintus.ch\/index.php\/wp-json\/wp\/v2\/types\/page"}],"author":[{"embeddable":true,"href":"https:\/\/vollaquintus.ch\/index.php\/wp-json\/wp\/v2\/users\/1"}],"replies":[{"embeddable":true,"href":"https:\/\/vollaquintus.ch\/index.php\/wp-json\/wp\/v2\/comments?post=2430"}],"version-history":[{"count":8,"href":"https:\/\/vollaquintus.ch\/index.php\/wp-json\/wp\/v2\/pages\/2430\/revisions"}],"predecessor-version":[{"id":2482,"href":"https:\/\/vollaquintus.ch\/index.php\/wp-json\/wp\/v2\/pages\/2430\/revisions\/2482"}],"wp:attachment":[{"href":"https:\/\/vollaquintus.ch\/index.php\/wp-json\/wp\/v2\/media?parent=2430"}],"curies":[{"name":"wp","href":"https:\/\/api.w.org\/{rel}","templated":true}]}}