{"id":963,"date":"2023-04-12T16:24:28","date_gmt":"2023-04-12T14:24:28","guid":{"rendered":"https:\/\/volla-phone.ch\/?page_id=963"},"modified":"2024-06-27T12:18:56","modified_gmt":"2024-06-27T10:18:56","slug":"neu-volla-phone-x23","status":"publish","type":"page","link":"https:\/\/vollaquintus.ch\/index.php\/neu-volla-phone-x23\/","title":{"rendered":"VOLLA PHONE X23"},"content":{"rendered":"<div id=\"stacks_out_703\" class=\"stacks_out\">\n<div id=\"stacks_in_703\" class=\"stacks_in html_stack\">\n<h1><span style=\"font-family: helvetica, arial, sans-serif; color: #808080;\">Grenzenlos frei auch unter extremen Bedingungen<\/span><\/h1>\n<p>&nbsp;<\/p>\n<p style=\"text-align: left;\"><span style=\"font-family: helvetica, arial, sans-serif; color: #808080;\">Das Volla Phone X23 verbindet eine einzigartig intelligente Bedienung und kompromisslosen Datenschutz mit einer widerstandsf\u00e4higen und doch eleganten Bauweise. Hergestellt in Deutschland.<\/span><\/p>\n<table style=\"border-collapse: collapse; width: 100%;\">\n<tbody>\n<tr>\n<td style=\"width: 33.3333%;\"><img fetchpriority=\"high\" decoding=\"async\" class=\"aligncenter size-full wp-image-1095\" src=\"https:\/\/vollaquintus.ch\/wp-content\/uploads\/2024\/01\/volla_X23_2.jpg\" alt=\"\" width=\"350\" height=\"350\" srcset=\"https:\/\/vollaquintus.ch\/wp-content\/uploads\/2024\/01\/volla_X23_2.jpg 350w, https:\/\/vollaquintus.ch\/wp-content\/uploads\/2024\/01\/volla_X23_2-300x300.jpg 300w, https:\/\/vollaquintus.ch\/wp-content\/uploads\/2024\/01\/volla_X23_2-150x150.jpg 150w\" sizes=\"(max-width: 350px) 100vw, 350px\" \/><\/td>\n<td style=\"width: 33.3333%;\"><img decoding=\"async\" class=\"aligncenter size-full wp-image-1097\" src=\"https:\/\/vollaquintus.ch\/wp-content\/uploads\/2024\/01\/volla_X23_3.jpg\" alt=\"\" width=\"350\" height=\"350\" srcset=\"https:\/\/vollaquintus.ch\/wp-content\/uploads\/2024\/01\/volla_X23_3.jpg 350w, https:\/\/vollaquintus.ch\/wp-content\/uploads\/2024\/01\/volla_X23_3-300x300.jpg 300w, https:\/\/vollaquintus.ch\/wp-content\/uploads\/2024\/01\/volla_X23_3-150x150.jpg 150w\" sizes=\"(max-width: 350px) 100vw, 350px\" \/><\/td>\n<td style=\"width: 33.3333%;\"><img decoding=\"async\" class=\"aligncenter size-full wp-image-1098\" src=\"https:\/\/vollaquintus.ch\/wp-content\/uploads\/2024\/01\/volla_X23_4.jpg\" alt=\"\" width=\"350\" height=\"350\" srcset=\"https:\/\/vollaquintus.ch\/wp-content\/uploads\/2024\/01\/volla_X23_4.jpg 350w, https:\/\/vollaquintus.ch\/wp-content\/uploads\/2024\/01\/volla_X23_4-300x300.jpg 300w, https:\/\/vollaquintus.ch\/wp-content\/uploads\/2024\/01\/volla_X23_4-150x150.jpg 150w\" sizes=\"(max-width: 350px) 100vw, 350px\" \/><\/td>\n<\/tr>\n<tr>\n<td style=\"width: 33.3333%;\"><img loading=\"lazy\" decoding=\"async\" class=\"aligncenter size-full wp-image-1099\" src=\"https:\/\/vollaquintus.ch\/wp-content\/uploads\/2024\/01\/volla_X23_5.jpg\" alt=\"\" width=\"350\" height=\"350\" srcset=\"https:\/\/vollaquintus.ch\/wp-content\/uploads\/2024\/01\/volla_X23_5.jpg 350w, https:\/\/vollaquintus.ch\/wp-content\/uploads\/2024\/01\/volla_X23_5-300x300.jpg 300w, https:\/\/vollaquintus.ch\/wp-content\/uploads\/2024\/01\/volla_X23_5-150x150.jpg 150w\" sizes=\"(max-width: 350px) 100vw, 350px\" \/><\/td>\n<td style=\"width: 33.3333%;\"><img loading=\"lazy\" decoding=\"async\" class=\"aligncenter size-full wp-image-1100\" src=\"https:\/\/vollaquintus.ch\/wp-content\/uploads\/2024\/01\/volla_X23_6.jpg\" alt=\"\" width=\"350\" height=\"350\" srcset=\"https:\/\/vollaquintus.ch\/wp-content\/uploads\/2024\/01\/volla_X23_6.jpg 350w, https:\/\/vollaquintus.ch\/wp-content\/uploads\/2024\/01\/volla_X23_6-300x300.jpg 300w, https:\/\/vollaquintus.ch\/wp-content\/uploads\/2024\/01\/volla_X23_6-150x150.jpg 150w\" sizes=\"(max-width: 350px) 100vw, 350px\" \/><\/td>\n<td style=\"width: 33.3333%;\"><img loading=\"lazy\" decoding=\"async\" class=\"aligncenter size-full wp-image-1101\" src=\"https:\/\/vollaquintus.ch\/wp-content\/uploads\/2024\/01\/volla_X23_7.jpg\" alt=\"\" width=\"350\" height=\"350\" srcset=\"https:\/\/vollaquintus.ch\/wp-content\/uploads\/2024\/01\/volla_X23_7.jpg 350w, https:\/\/vollaquintus.ch\/wp-content\/uploads\/2024\/01\/volla_X23_7-300x300.jpg 300w, https:\/\/vollaquintus.ch\/wp-content\/uploads\/2024\/01\/volla_X23_7-150x150.jpg 150w\" sizes=\"(max-width: 350px) 100vw, 350px\" \/><\/td>\n<\/tr>\n<\/tbody>\n<\/table>\n<p>&nbsp;<\/p>\n<\/div>\n<\/div>\n<div id=\"stacks_out_747\" class=\"stacks_out\">\n<div id=\"stacks_in_747\" class=\"stacks_in com_yourhead_stacks_three_columns_stack\">\n<div class=\"s3_row\">\n<div class=\"s3_column s3_column_left\">\n<div id=\"stacks_out_755\" class=\"stacks_out\">\n<div id=\"stacks_in_755\" class=\"stacks_in site_image_stack\"><\/div>\n<\/div>\n<\/div>\n<div class=\"s3_column s3_column_center\">\n<div id=\"stacks_out_752\" class=\"stacks_out\">\n<h1 id=\"stacks_in_752\" class=\"stacks_in site_image_stack\"><span style=\"color: #808080; font-family: helvetica, arial, sans-serif;\">Kraftvolle Eleganz.<\/span><\/h1>\n<\/div>\n<\/div>\n<\/div>\n<\/div>\n<\/div>\n<div id=\"stacks_out_47\" class=\"stacks_out\">\n<div id=\"stacks_in_47\" class=\"stacks_in html_stack\">\n<table style=\"border-collapse: collapse; width: 100%;\">\n<tbody>\n<tr>\n<td style=\"width: 34.9364%;\"><img loading=\"lazy\" decoding=\"async\" class=\"size-full wp-image-1102 alignleft\" src=\"https:\/\/vollaquintus.ch\/wp-content\/uploads\/2024\/01\/volla_X23_1.jpg\" alt=\"\" width=\"350\" height=\"292\" srcset=\"https:\/\/vollaquintus.ch\/wp-content\/uploads\/2024\/01\/volla_X23_1.jpg 350w, https:\/\/vollaquintus.ch\/wp-content\/uploads\/2024\/01\/volla_X23_1-300x250.jpg 300w\" sizes=\"(max-width: 350px) 100vw, 350px\" \/><\/td>\n<td style=\"width: 65.0637%;\"><span style=\"font-family: helvetica, arial, sans-serif; font-size: 12px; color: #808080;\">Hochwertige 48 Megapixel Doppel-Kamera f\u00fcr die besten Momente, mit einem eindrucksvoll illuminierten Ring f\u00fcr Statusinformationen umgeben. Zweite 8 Megapixel Ultra-Weitwinkel- und Macro-Linse f\u00fcr wunderbare Landschafts- und Nahaufnahmen.<\/span><\/td>\n<\/tr>\n<tr>\n<td style=\"width: 34.9364%;\"><img loading=\"lazy\" decoding=\"async\" class=\"size-full wp-image-1103 alignleft\" src=\"https:\/\/vollaquintus.ch\/wp-content\/uploads\/2024\/01\/volla_X23_8.jpg\" alt=\"\" width=\"350\" height=\"292\" srcset=\"https:\/\/vollaquintus.ch\/wp-content\/uploads\/2024\/01\/volla_X23_8.jpg 350w, https:\/\/vollaquintus.ch\/wp-content\/uploads\/2024\/01\/volla_X23_8-300x250.jpg 300w\" sizes=\"(max-width: 350px) 100vw, 350px\" \/><\/td>\n<td style=\"width: 65.0637%;\">\n<div class=\"s3_column s3_column_left\">\n<div id=\"stacks_out_61\" class=\"stacks_out\">\n<div id=\"stacks_in_61\" class=\"stacks_in image_stack\">\n<div class=\"centered_image\"><\/div>\n<\/div>\n<\/div>\n<\/div>\n<div class=\"s3_column s3_column_right\">\n<div id=\"stacks_out_58\" class=\"stacks_out\">\n<div id=\"stacks_in_58\" class=\"stacks_in html_stack\">\n<div><span style=\"font-size: 12px; font-family: helvetica, arial, sans-serif; color: #808080;\">Gro\u00dfes Display dank U-Notch f\u00fcr die 48 MP Front-Kamera. Scharfe Schrift und lebendige Bilder mit 16.7 Millionen Farben und 550 nits brilliante Helligkeit . LED f\u00fcr verpasste Anrufe und mehr.<\/span><\/div>\n<\/div>\n<\/div>\n<\/div>\n<\/td>\n<\/tr>\n<tr>\n<td style=\"width: 34.9364%;\"><img loading=\"lazy\" decoding=\"async\" class=\"size-full wp-image-1104 alignleft\" src=\"https:\/\/vollaquintus.ch\/wp-content\/uploads\/2024\/01\/volla_X23_9.jpg\" alt=\"\" width=\"350\" height=\"292\" srcset=\"https:\/\/vollaquintus.ch\/wp-content\/uploads\/2024\/01\/volla_X23_9.jpg 350w, https:\/\/vollaquintus.ch\/wp-content\/uploads\/2024\/01\/volla_X23_9-300x250.jpg 300w\" sizes=\"(max-width: 350px) 100vw, 350px\" \/><\/td>\n<td style=\"width: 65.0637%;\">\n<div class=\"s3_column s3_column_left\">\n<div id=\"stacks_out_445\" class=\"stacks_out\">\n<div id=\"stacks_in_445\" class=\"stacks_in image_stack\">\n<div class=\"centered_image\"><\/div>\n<\/div>\n<\/div>\n<\/div>\n<div class=\"s3_column s3_column_right\">\n<div id=\"stacks_out_65\" class=\"stacks_out\">\n<div id=\"stacks_in_65\" class=\"stacks_in html_stack\">\n<div><span style=\"font-size: 12px; font-family: helvetica, arial, sans-serif; color: #808080;\">Widerstandsf\u00e4hig nach Milit\u00e4rstandard MIL-STD-810H sowie IP68 staub- und wasserdicht und dennoch mit selbst austauschbarer, ausdauernder 5000 mAh Batterie f\u00fcr lange Au\u00dfenaktivit\u00e4ten.<\/span><\/div>\n<\/div>\n<\/div>\n<\/div>\n<\/td>\n<\/tr>\n<tr>\n<td style=\"width: 34.9364%;\"><img loading=\"lazy\" decoding=\"async\" class=\"size-full wp-image-1105 alignleft\" src=\"https:\/\/vollaquintus.ch\/wp-content\/uploads\/2024\/01\/volla_X23_10.jpg\" alt=\"\" width=\"350\" height=\"292\" srcset=\"https:\/\/vollaquintus.ch\/wp-content\/uploads\/2024\/01\/volla_X23_10.jpg 350w, https:\/\/vollaquintus.ch\/wp-content\/uploads\/2024\/01\/volla_X23_10-300x250.jpg 300w\" sizes=\"(max-width: 350px) 100vw, 350px\" \/><\/td>\n<td style=\"width: 65.0637%;\"><span style=\"font-size: 12px; font-family: helvetica, arial, sans-serif; color: #808080;\">Seitlicher Fingerabdrucksensor und zus\u00e4tzliche Taste f\u00fcr Alltagsfunktionen. Zwei SIM Karten f\u00fcr maximale Flexibilit\u00e4t, kombinierbar mit sagenhaften 1 TB Speicherkarte f\u00fcr Ihre Musik, Fotos und Videos zus\u00e4tzlich zu 128 GB internen Speicher.<\/span><\/td>\n<\/tr>\n<tr>\n<td style=\"width: 34.9364%;\"><img loading=\"lazy\" decoding=\"async\" class=\"size-full wp-image-1106 alignleft\" src=\"https:\/\/vollaquintus.ch\/wp-content\/uploads\/2024\/01\/volla_X23_11.jpg\" alt=\"\" width=\"350\" height=\"292\" srcset=\"https:\/\/vollaquintus.ch\/wp-content\/uploads\/2024\/01\/volla_X23_11.jpg 350w, https:\/\/vollaquintus.ch\/wp-content\/uploads\/2024\/01\/volla_X23_11-300x250.jpg 300w\" sizes=\"(max-width: 350px) 100vw, 350px\" \/><\/td>\n<td style=\"width: 65.0637%;\"><span style=\"font-size: 12px; font-family: helvetica, arial, sans-serif; color: #808080;\">Alle Vorteile von Volla OS und Ubuntu Touch als alternatives Betriebssystem, wahlweise vorinstalliert oder als zweites Betriebssystem \u00fcber die Multiboot-Funktion.<\/span><\/td>\n<\/tr>\n<\/tbody>\n<\/table>\n<\/div>\n<\/div>\n<div id=\"stacks_out_50\" class=\"stacks_out\">\n<div id=\"stacks_in_50\" class=\"stacks_in com_yourhead_stacks_two_columns_stack\">\n<div class=\"s3_row\">\n<div class=\"s3_column s3_column_left\">\n<div id=\"stacks_out_54\" class=\"stacks_out\">\n<div id=\"stacks_in_54\" class=\"stacks_in image_stack\">\n<div><\/div>\n<h1 class=\"centered_image\"><span style=\"color: #808080; font-family: helvetica, arial, sans-serif;\">Volla OS: Das n\u00e4chste Betriebssystem<\/span><\/h1>\n<\/div>\n<\/div>\n<\/div>\n<\/div>\n<\/div>\n<\/div>\n<div id=\"stacks_out_64\" class=\"stacks_out\">\n<div id=\"stacks_in_64\" class=\"stacks_in com_yourhead_stacks_two_columns_stack\">\n<div class=\"s3_row\">\n<div class=\"s3_column s3_column_left\">\n<div id=\"stacks_out_445\" class=\"stacks_out\">\n<table style=\"border-collapse: collapse; width: 100%;\">\n<tbody>\n<tr>\n<td style=\"width: 50%;\"><img decoding=\"async\" class=\"imageStyle\" src=\"https:\/\/volla.online\/de\/volla-phone-x23\/files\/stacks-image-534e7dd.png\" alt=\"Stacks Image 97\" \/><\/td>\n<td style=\"width: 50%;\"><img decoding=\"async\" class=\"imageStyle\" src=\"https:\/\/volla.online\/de\/volla-phone-x23\/files\/stacks-image-dfd7a8f.png\" alt=\"Stacks Image 92\" \/><\/td>\n<\/tr>\n<tr>\n<td style=\"width: 50%;\"><span style=\"font-size: 12px; color: #808080; font-family: helvetica, arial, sans-serif;\">Erleben Sie die neue Einfachheit durch ein minimalistisches Design und ein neues Bedienungskonzept mit dem Sprungbrett, Schnellmen\u00fc und Sammlungen.<\/span><\/td>\n<td style=\"width: 50%;\"><span style=\"font-family: helvetica, arial, sans-serif; font-size: 12px; color: #808080;\">Verwenden Sie weiterhin wichtige Apps f\u00fcr Ihren Alltag und nutzen Sie das Beste aus zwei Welten, ganz so wie Sie es wollen.<\/span><\/td>\n<\/tr>\n<\/tbody>\n<\/table>\n<\/div>\n<\/div>\n<\/div>\n<\/div>\n<\/div>\n<div id=\"stacks_out_89\" class=\"stacks_out\">\n<div id=\"stacks_in_89\" class=\"stacks_in com_yourhead_stacks_two_columns_stack\">\n<div class=\"s3_row\">\n<div class=\"s3_column s3_column_left\">\n<div id=\"stacks_out_95\" class=\"stacks_out\">\n<div id=\"stacks_in_95\" class=\"stacks_in image_stack\">\n<div class=\"centered_image\"><\/div>\n<\/div>\n<\/div>\n<\/div>\n<\/div>\n<\/div>\n<\/div>\n<div id=\"stacks_out_100\" class=\"stacks_out\">\n<div id=\"stacks_in_100\" class=\"stacks_in com_yourhead_stacks_two_columns_stack\">\n<div class=\"s3_row\">\n<div class=\"s3_column s3_column_left\">\n<div id=\"stacks_out_104\" class=\"stacks_out\">\n<div id=\"stacks_in_104\" class=\"stacks_in image_stack\">\n<div class=\"centered_image\"><img loading=\"lazy\" decoding=\"async\" class=\"aligncenter size-full wp-image-1112\" src=\"https:\/\/vollaquintus.ch\/wp-content\/uploads\/2024\/01\/volla-x23-phone.png\" alt=\"\" width=\"630\" height=\"1200\" srcset=\"https:\/\/vollaquintus.ch\/wp-content\/uploads\/2024\/01\/volla-x23-phone.png 630w, https:\/\/vollaquintus.ch\/wp-content\/uploads\/2024\/01\/volla-x23-phone-158x300.png 158w, https:\/\/vollaquintus.ch\/wp-content\/uploads\/2024\/01\/volla-x23-phone-538x1024.png 538w\" sizes=\"(max-width: 630px) 100vw, 630px\" \/><\/div>\n<\/div>\n<\/div>\n<\/div>\n<div class=\"s3_column s3_column_right\">\n<div id=\"stacks_out_101\" class=\"stacks_out\">\n<div id=\"stacks_in_101\" class=\"stacks_in html_stack\">\n<p>&nbsp;<\/p>\n<h1><span style=\"font-family: helvetica, arial, sans-serif; color: #808080;\">Die Hardware<\/span><\/h1>\n<p><img loading=\"lazy\" decoding=\"async\" class=\"aligncenter size-full wp-image-1197\" src=\"https:\/\/vollaquintus.ch\/wp-content\/uploads\/2024\/03\/x23-hardware.jpg\" alt=\"\" width=\"728\" height=\"1024\" srcset=\"https:\/\/vollaquintus.ch\/wp-content\/uploads\/2024\/03\/x23-hardware.jpg 728w, https:\/\/vollaquintus.ch\/wp-content\/uploads\/2024\/03\/x23-hardware-213x300.jpg 213w\" sizes=\"(max-width: 728px) 100vw, 728px\" \/><\/p>\n<p>&nbsp;<\/p>\n<p><span style=\"font-family: helvetica, arial, sans-serif;\">Jetzt hier bestellen im <\/span><a href=\"https:\/\/www.edv-lehmann.ch\/shop.cfm?id=56&amp;abt=Shop&amp;searchclass=Kommunikation&amp;searchgroup=Mobile%20Phone\" target=\"_blank\" rel=\"noopener\"><span style=\"font-family: helvetica, arial, sans-serif;\">SHOP<\/span><\/a><\/p>\n<p>&nbsp;<\/p>\n<\/div>\n<\/div>\n<\/div>\n<\/div>\n<\/div>\n<\/div>\n","protected":false},"excerpt":{"rendered":"<p>Grenzenlos frei auch unter extremen Bedingungen &nbsp; Das Volla Phone X23 verbindet eine einzigartig intelligente Bedienung und kompromisslosen Datenschutz mit<\/p>\n<p><a href=\"https:\/\/vollaquintus.ch\/index.php\/neu-volla-phone-x23\/\" class=\"more-link\">Continue reading<span class=\"screen-reader-text\">VOLLA PHONE X23<\/span><\/a><\/p>\n","protected":false},"author":1,"featured_media":0,"parent":0,"menu_order":0,"comment_status":"closed","ping_status":"closed","template":"","meta":{"advgb_blocks_editor_width":"","advgb_blocks_columns_visual_guide":"","jetpack_post_was_ever_published":false,"footnotes":""},"class_list":["post-963","page","type-page","status-publish","hentry"],"coauthors":[],"author_meta":{"author_link":"https:\/\/vollaquintus.ch\/index.php\/author\/edvladmin\/","display_name":"edvladmin"},"relative_dates":{"created":"Posted 3\u00a0Jahren ago","modified":"Updated 2\u00a0Jahren ago"},"absolute_dates":{"created":"Posted on 12. April 2023","modified":"Updated on 27. Juni 2024"},"absolute_dates_time":{"created":"Posted on 12. April 2023 16:24","modified":"Updated on 27. Juni 2024 12:18"},"featured_img_caption":"","featured_img":false,"series_order":"","jetpack-related-posts":[],"jetpack_sharing_enabled":true,"_links":{"self":[{"href":"https:\/\/vollaquintus.ch\/index.php\/wp-json\/wp\/v2\/pages\/963","targetHints":{"allow":["GET"]}}],"collection":[{"href":"https:\/\/vollaquintus.ch\/index.php\/wp-json\/wp\/v2\/pages"}],"about":[{"href":"https:\/\/vollaquintus.ch\/index.php\/wp-json\/wp\/v2\/types\/page"}],"author":[{"embeddable":true,"href":"https:\/\/vollaquintus.ch\/index.php\/wp-json\/wp\/v2\/users\/1"}],"replies":[{"embeddable":true,"href":"https:\/\/vollaquintus.ch\/index.php\/wp-json\/wp\/v2\/comments?post=963"}],"version-history":[{"count":3,"href":"https:\/\/vollaquintus.ch\/index.php\/wp-json\/wp\/v2\/pages\/963\/revisions"}],"predecessor-version":[{"id":2369,"href":"https:\/\/vollaquintus.ch\/index.php\/wp-json\/wp\/v2\/pages\/963\/revisions\/2369"}],"wp:attachment":[{"href":"https:\/\/vollaquintus.ch\/index.php\/wp-json\/wp\/v2\/media?parent=963"}],"curies":[{"name":"wp","href":"https:\/\/api.w.org\/{rel}","templated":true}]}}